{"id":210,"date":"2021-03-11T16:00:05","date_gmt":"2021-03-11T15:00:05","guid":{"rendered":"http:\/\/peintures-castellano.fr\/?page_id=210"},"modified":"2024-05-17T09:20:38","modified_gmt":"2024-05-17T07:20:38","slug":"contact","status":"publish","type":"page","link":"https:\/\/peintures-castellano.fr\/?page_id=210","title":{"rendered":"Contact"},"content":{"rendered":"\n<p><strong>Email&nbsp;:<\/strong> <a href=\"mailto:peintures.castellano@orange.fr\">peintures.castellano@orange.fr<\/a><\/p>\n\n\n\n<p><strong>Horaire Magasin :<\/strong><\/p>\n\n\n\n<p>Du lundi au vendredi 8h &#8211; 12h et 13h30 &#8211; 17h30<\/p>\n\n\n\n<p><strong>Service administratif&nbsp;:<\/strong><\/p>\n\n\n\n<p>T\u00e9l&nbsp;: 04 91 60 06 81<\/p>\n\n\n\n<p><strong>Contact commercial magasin <\/strong>:<\/p>\n\n\n\n<p>T\u00e9l&nbsp;: 04 91 60 23 51<\/p>\n\n\n\n<p><strong>Technico-commercial M\u00e9diterran\u00e9e :<\/strong><\/p>\n\n\n\n<p>T\u00e9l\u00a0: 06 27 57 04 49<\/p>\n\n\n\n<p><strong>Adresse :<\/strong><\/p>\n\n\n\n<p><strong>CASTELLANO PEINTURES<\/strong><\/p>\n\n\n\n<p>274 chemin du Littoral \u2013 13015 Marseille<\/p>\n\n\n\n<div class=\"wp-block-group\">\n<p><\/p>\n<\/div>\n","protected":false},"excerpt":{"rendered":"<p>Email&nbsp;: peintures.castellano@orange.fr Horaire Magasin : Du lundi au vendredi 8h &#8211; 12h et 13h30 &#8211; 17h30 Service administratif&nbsp;: T\u00e9l&nbsp;: 04 91 60 06 81 Contact commercial magasin : T\u00e9l&nbsp;: 04 91 60 23 51 Technico-commercial M\u00e9diterran\u00e9e : T\u00e9l\u00a0: 06 27 57 04 49 Adresse : CASTELLANO PEINTURES 274 chemin du Littoral \u2013 13015 Marseille<\/p>\n","protected":false},"author":1,"featured_media":0,"parent":0,"menu_order":0,"comment_status":"closed","ping_status":"closed","template":"","meta":[],"amp_enabled":true,"_links":{"self":[{"href":"https:\/\/peintures-castellano.fr\/index.php?rest_route=\/wp\/v2\/pages\/210"}],"collection":[{"href":"https:\/\/peintures-castellano.fr\/index.php?rest_route=\/wp\/v2\/pages"}],"about":[{"href":"https:\/\/peintures-castellano.fr\/index.php?rest_route=\/wp\/v2\/types\/page"}],"author":[{"embeddable":true,"href":"https:\/\/peintures-castellano.fr\/index.php?rest_route=\/wp\/v2\/users\/1"}],"replies":[{"embeddable":true,"href":"https:\/\/peintures-castellano.fr\/index.php?rest_route=%2Fwp%2Fv2%2Fcomments&post=210"}],"version-history":[{"count":18,"href":"https:\/\/peintures-castellano.fr\/index.php?rest_route=\/wp\/v2\/pages\/210\/revisions"}],"predecessor-version":[{"id":344,"href":"https:\/\/peintures-castellano.fr\/index.php?rest_route=\/wp\/v2\/pages\/210\/revisions\/344"}],"wp:attachment":[{"href":"https:\/\/peintures-castellano.fr\/index.php?rest_route=%2Fwp%2Fv2%2Fmedia&parent=210"}],"curies":[{"name":"wp","href":"https:\/\/api.w.org\/{rel}","templated":true}]}}